{"id":284,"date":"2025-12-10T21:12:39","date_gmt":"2025-12-10T21:12:39","guid":{"rendered":"https:\/\/ubm-media.net\/de\/?page_id=284"},"modified":"2026-03-26T09:21:27","modified_gmt":"2026-03-26T08:21:27","slug":"privacy-policy","status":"publish","type":"page","link":"https:\/\/www.ubm-records.com\/en\/contact\/privacy-policy\/","title":{"rendered":"Datenschutz"},"content":{"rendered":"<section class=\"l-section wpb_row us_custom_058ddd33 height_medium\"><div class=\"l-section-h i-cf\"><div class=\"g-cols vc_row via_grid cols_1 laptops-cols_inherit tablets-cols_inherit mobiles-cols_1 valign_top type_default stacking_default\"><div class=\"wpb_column vc_column_container\"><div class=\"vc_column-inner\"><div class=\"wpb_text_column\"><div class=\"wpb_wrapper\"><h4 class=\"text-center\" style=\"text-align: center;\">DATA PROTECTION NOTICE<\/h4>\n<\/div><\/div><div class=\"w-separator size_small\"><\/div><div class=\"wpb_text_column us_custom_bdc887fb\"><div class=\"wpb_wrapper\"><p>With the following declaration we hereby meet our legal obligations and inform you about the storage of your data, the nature of the data, its purpose as well as our identity. We will notify you about the first transfer and the nature of the transferred data.<\/p>\n<p><strong>1. The subject matter of the data protection<\/strong><\/p>\n<p>The subject matter of the data protection is personal data. This can be data related to personal or material circumstances of a specific or specifiable person. This may include name, postal address, e-mail address but also the usage data like the IP address of a computer.<\/p>\n<p><strong>2. Automatic anonymous data collection, data processing and data usage<\/strong><\/p>\n<p>We collect process and use automatic, non-personal information delivered to us by your browser (cookies).<\/p>\n<p>This information includes: &#8211; Browser type\/version &#8211; Operating system Referrer URL (source of the link) IP address (host name of the computer used) Time of the server request<\/p>\n<p>In most browsers it is possible to choose a setting under the \u201csettings\u201d function in the menu tab so that your browser does not accept any more cookies or deactivates any cookies already received. This can however have an adverse effect on certain functions of the internet page. If you would like to reduce your use of cookies, you should ensure that every browser and computer that you work with has required level of protection.<\/p>\n<p><strong>3. Initiated personal data collection, data processing and data usage<\/strong><\/p>\n<p>The collection and usage of personal data is not as a rule necessary for the use of the website. No such collection is carried out by us. We will only collect, process or use personal data that is given freely.<\/p>\n<p>This may be necessary in the following cases:<\/p>\n<ol>\n<li>Registration<br \/>\nIn order to use all functions of this website, you need to register in advance. To this end, it is necessary to provide personal data. You will be asked to provide the following personal data: -Family name, first name -Address -E-Mail Address Telephone<\/li>\n<li>Execution of the contract<br \/>\nIt may be necessary to pass on your personal data to other companies which we use to perform services or execute the contract. This includes, for example, transport companies or other service providers. Unless it is necessary for the proper settlement of the business, we will not pass your data on to third parties.<\/li>\n<li>Passing on of data to state institutions and authorities<br \/>\nWir geben Daten an auskunftsberechtigte staatliche Institutionen und Beh\u00f6rden nur im Rahmen der gesetzlichen Pflichten oder aufgrund einer gerichtlichen Entscheidung weiter. (4) Daten\u00fcbermittlung ins Ausland Wir \u00fcbermitteln grunds\u00e4tzlich keine erhobenen Daten ins Ausland.<\/li>\n<li>Transferal of data abroad<br \/>\nAs a rule, we do not transfer data abroad.<\/li>\n<\/ol>\n<p><strong>4. Underage persons<\/strong><\/p>\n<p>We are particularly interested in ensuring the protection of the data of children. For this reason, we do not scientifically collect, process or use the data of underage persons if their responsible adult has not given their consent. As soon as we find out that an underage person has given personal data without parental consent or given personal data of such persons, we will delete this data without delay.<\/p>\n<p><strong>5. The right to information<\/strong><\/p>\n<p>The customer always has the possibility to request information about data about themselves that we have stored, even insofar as relates to the origin of this data, receiver or category of receiver which the data was passed on to, as well as the reason for the storage.<\/p>\n<p><strong>6. Deletion and Blocking<\/strong><\/p>\n<p>We undertake to delete personal data which is processed for its own purposes as soon as knowledge of them for fulfilment of the purpose of their storage is no longer required. Data will also be blocked if there are reasonable grounds that by deleting the data, protectable interests of the person affected would be compromised or if a deletion is not possible due to the particular storage type or if the necessary effort to do so would be disproportionate. Furthermore, you may at any time have the data which have been collected by us blocked, corrected or deleted. The data will also be deleted if you withdraw your consent to the collection, processing and use of your personal data. If you revoke your consent during the current business transaction, the deletion will occur directly after the conclusion. Further legal obligations to delete or block data remain unaffected.<\/p>\n<p><strong>7. Technical and organizational measures<\/strong><\/p>\n<p>We undertake to meet the necessary technical and organizational measures to guarantee the execution of the provisions relating to data protection insofar that the effort involved is reasonable in relation to the sought purpose of protection. We cannot guarantee total data security regarding communication by e-mail. For this reason, we recommend sending confidential information by post.<\/p>\n<p><strong>8. Identity of the responsible entity<\/strong><\/p>\n<p>The responsible entity in matters of data protection laws is UBM Records GmbH. Further information regarding this can be found in the<span>\u00a0<\/span>imprint.<\/p>\n<p><strong>9. Withdrawal<\/strong><\/p>\n<p>The customer always has the possibility to withdraw consent about the collection, processing and use of their data with regard to future arrangements.<\/p>\n<p>The withdrawal is to be sent to:<br \/>\n<a href=\"mailto:contact@ubm-records.com\">info@ubm-records.com<\/a><span>\u00a0<\/span>or to the address written in the<span>\u00a0<\/span>imprint.<\/p>\n<hr \/>\n<p><strong>Sources:<\/strong><br \/>\n<span>eRecht24 Disclaimer, eRecht24 Datenschutzerkl\u00e4rung f\u00fcr Facebook<\/span><\/p>\n<\/div><\/div><\/div><\/div><\/div><\/div><\/section>\n","protected":false},"excerpt":{"rendered":"DATA PROTECTION NOTICE With the following declaration we hereby meet our legal obligations and inform you about the storage of your data, the nature of the data, its purpose as well as our identity. We will notify you about the first transfer and the nature of the transferred data. 1. The subject matter of the...","protected":false},"author":1,"featured_media":0,"parent":286,"menu_order":0,"comment_status":"closed","ping_status":"closed","template":"","meta":{"_acf_changed":false,"footnotes":""},"class_list":["post-284","page","type-page","status-publish","hentry"],"acf":[],"_links":{"self":[{"href":"https:\/\/www.ubm-records.com\/en\/wp-json\/wp\/v2\/pages\/284","targetHints":{"allow":["GET"]}}],"collection":[{"href":"https:\/\/www.ubm-records.com\/en\/wp-json\/wp\/v2\/pages"}],"about":[{"href":"https:\/\/www.ubm-records.com\/en\/wp-json\/wp\/v2\/types\/page"}],"author":[{"embeddable":true,"href":"https:\/\/www.ubm-records.com\/en\/wp-json\/wp\/v2\/users\/1"}],"replies":[{"embeddable":true,"href":"https:\/\/www.ubm-records.com\/en\/wp-json\/wp\/v2\/comments?post=284"}],"version-history":[{"count":14,"href":"https:\/\/www.ubm-records.com\/en\/wp-json\/wp\/v2\/pages\/284\/revisions"}],"predecessor-version":[{"id":1092,"href":"https:\/\/www.ubm-records.com\/en\/wp-json\/wp\/v2\/pages\/284\/revisions\/1092"}],"up":[{"embeddable":true,"href":"https:\/\/www.ubm-records.com\/en\/wp-json\/wp\/v2\/pages\/286"}],"wp:attachment":[{"href":"https:\/\/www.ubm-records.com\/en\/wp-json\/wp\/v2\/media?parent=284"}],"curies":[{"name":"wp","href":"https:\/\/api.w.org\/{rel}","templated":true}]}}