{"id":98,"date":"2025-12-10T09:35:31","date_gmt":"2025-12-10T09:35:31","guid":{"rendered":"https:\/\/ubm-media.net\/?page_id=98"},"modified":"2026-04-22T09:54:32","modified_gmt":"2026-04-22T08:54:32","slug":"about-us","status":"publish","type":"page","link":"https:\/\/www.ubm-records.com\/de\/about-us\/","title":{"rendered":"\u00dcber uns"},"content":{"rendered":"<section class=\"l-section wpb_row us_custom_1d2894e0 height_medium\"><div class=\"l-section-h i-cf\"><div class=\"g-cols vc_row via_grid cols_1 laptops-cols_inherit tablets-cols_inherit mobiles-cols_1 valign_top type_default stacking_default\"><div class=\"wpb_column vc_column_container\"><div class=\"vc_column-inner\"><div class=\"w-image style_shadow-1 align_none\"><a target=\"_blank\" href=\"https:\/\/search.ubm-records.com\/\" aria-label=\"UBM CDs\" class=\"w-image-h\"><img decoding=\"async\" width=\"2560\" height=\"610\" src=\"https:\/\/www.ubm-records.com\/wp-content\/uploads\/2026\/04\/UBM-CDs-scaled-e1776845262198.jpg\" class=\"attachment-full size-full\" alt=\"\" loading=\"lazy\" srcset=\"https:\/\/www.ubm-records.com\/wp-content\/uploads\/2026\/04\/UBM-CDs-scaled-e1776845262198.jpg 2560w, https:\/\/www.ubm-records.com\/wp-content\/uploads\/2026\/04\/UBM-CDs-scaled-e1776845262198-300x71.jpg 300w, https:\/\/www.ubm-records.com\/wp-content\/uploads\/2026\/04\/UBM-CDs-scaled-e1776845262198-1024x244.jpg 1024w\" sizes=\"auto, (max-width: 2560px) 100vw, 2560px\" \/><\/a><\/div><\/div><\/div><\/div><\/div><\/section><section class=\"l-section wpb_row us_custom_955b0829 height_medium\"><div class=\"l-section-h i-cf\"><div class=\"g-cols vc_row via_grid cols_custom laptops-cols_inherit tablets-cols_inherit mobiles-cols_1 valign_top type_default stacking_default\" style=\"--custom-columns:0.5fr 5fr 0.5fr \"><div class=\"wpb_column vc_column_container\"><div class=\"vc_column-inner\"><\/div><\/div><div class=\"wpb_column vc_column_container\"><div class=\"vc_column-inner\"><div class=\"wpb_text_column\"><div class=\"wpb_wrapper\"><p style=\"text-align: center;\">UBM Records ist ein Produktionsmusikverlag mit Sitz in Berlin und Teil der AMA-Verlagsgruppe. Wir bieten eine umfangreiche Musikbibliothek mit allen Genres f\u00fcr internationale Film- und Fernsehproduktionen sowie f\u00fcr Podcasts, H\u00f6rb\u00fccher und audiovisuelle Produktionen aller Art.<\/p>\n<p style=\"text-align: center;\">Unser Katalog mit \u00fcber 10.000 ausgew\u00e4hlten Titeln wird laufend erweitert. Wir ver\u00f6ffentlichen au\u00dferdem regelm\u00e4\u00dfig Playlisten zu aktuellen Themen und beraten gern, um die richtige Musik und das passende Lizenzmodell zu finden.<\/p>\n<\/div><\/div><\/div><\/div><div class=\"wpb_column vc_column_container\"><div class=\"vc_column-inner\"><\/div><\/div><\/div><\/div><\/section>\n","protected":false},"excerpt":{"rendered":"UBM Records ist ein Produktionsmusikverlag mit Sitz in Berlin und Teil der AMA-Verlagsgruppe. Wir bieten eine umfangreiche Musikbibliothek mit allen Genres f\u00fcr internationale Film- und Fernsehproduktionen sowie f\u00fcr Podcasts, H\u00f6rb\u00fccher und audiovisuelle Produktionen aller Art. Unser Katalog mit \u00fcber 10.000 ausgew\u00e4hlten Titeln wird laufend erweitert. Wir ver\u00f6ffentlichen au\u00dferdem regelm\u00e4\u00dfig Playlisten zu aktuellen Themen und beraten...","protected":false},"author":1,"featured_media":0,"parent":0,"menu_order":0,"comment_status":"closed","ping_status":"closed","template":"","meta":{"_acf_changed":false,"footnotes":""},"class_list":["post-98","page","type-page","status-publish","hentry"],"acf":[],"_links":{"self":[{"href":"https:\/\/www.ubm-records.com\/de\/wp-json\/wp\/v2\/pages\/98","targetHints":{"allow":["GET"]}}],"collection":[{"href":"https:\/\/www.ubm-records.com\/de\/wp-json\/wp\/v2\/pages"}],"about":[{"href":"https:\/\/www.ubm-records.com\/de\/wp-json\/wp\/v2\/types\/page"}],"author":[{"embeddable":true,"href":"https:\/\/www.ubm-records.com\/de\/wp-json\/wp\/v2\/users\/1"}],"replies":[{"embeddable":true,"href":"https:\/\/www.ubm-records.com\/de\/wp-json\/wp\/v2\/comments?post=98"}],"version-history":[{"count":54,"href":"https:\/\/www.ubm-records.com\/de\/wp-json\/wp\/v2\/pages\/98\/revisions"}],"predecessor-version":[{"id":1290,"href":"https:\/\/www.ubm-records.com\/de\/wp-json\/wp\/v2\/pages\/98\/revisions\/1290"}],"wp:attachment":[{"href":"https:\/\/www.ubm-records.com\/de\/wp-json\/wp\/v2\/media?parent=98"}],"curies":[{"name":"wp","href":"https:\/\/api.w.org\/{rel}","templated":true}]}}