{"id":94,"date":"2025-12-10T09:25:38","date_gmt":"2025-12-10T09:25:38","guid":{"rendered":"https:\/\/ubm-media.net\/?page_id=94"},"modified":"2026-03-31T14:49:10","modified_gmt":"2026-03-31T13:49:10","slug":"licensing","status":"publish","type":"page","link":"https:\/\/www.ubm-records.com\/de\/licensing\/","title":{"rendered":"Lizenzieren"},"content":{"rendered":"<section class=\"l-section wpb_row us_custom_058ddd33 height_medium\"><div class=\"l-section-h i-cf\"><div class=\"g-cols vc_row via_grid cols_custom laptops-cols_inherit tablets-cols_inherit mobiles-cols_1 valign_top type_default stacking_default\" style=\"--custom-columns:0.5fr 5fr 0.5fr \"><div class=\"wpb_column vc_column_container\"><div class=\"vc_column-inner\"><\/div><\/div><div class=\"wpb_column vc_column_container\"><div class=\"vc_column-inner\"><div class=\"wpb_text_column\"><div class=\"wpb_wrapper\"><h4 style=\"text-align: center;\">LIZENZIEREN<\/h4>\n<\/div><\/div><div class=\"w-separator size_small\"><\/div><div class=\"wpb_text_column\"><div class=\"wpb_wrapper\"><p>Alle Rechte f\u00fcr \u00f6ffentliche Auff\u00fchrungen und Vervielf\u00e4ltigungen sind vorbehalten. Auff\u00fchrungs- und Vervielf\u00e4ltigungsrechte werden von der GEMA und deren angeschlossenen Schwestergesellschaften weltweit kontrolliert. F\u00fcr TV-Auftragsproduktionen in deutschen Rundfunk- und Fernsehanstalten, die mit der GEMA einen entsprechenden Vertrag abgeschlossen haben, ist keine Lizenzierung notwendig. Alle weiteren Nutzungen, beispielsweise Werbung, Industrie und Online, sind zu lizenzieren.<\/p>\n<p>Eine Lizenz muss vor Verwendung bei UBM RECORDS mit Hilfe der hier verlinkten <a href=\"https:\/\/www.ubm-records.com\/wp-content\/uploads\/2026\/03\/UBM_Lizenzantrag_Allgemein.pdf\"><u>Lizenzformulare<\/u><\/a> eingeholt werden. Sie unterzeichnen dabei die Kenntnisnahme und Akzeptanz der <a href=\"https:\/\/www.ubm-records.com\/wp-content\/uploads\/2026\/03\/AGB-2026-Deutsch.pdf\"><u>AGB der UBM Records GmbH<\/u><\/a>.<\/p>\n<p>Sie k\u00f6nnen die Lizenzantr\u00e4ge als E-Mail an uns senden und f\u00fcr Ihre Unterlagen ausdrucken. Selbstverst\u00e4ndlich k\u00f6nnen Sie uns auch eine ausgedruckte und ausgef\u00fcllte Version per Post zuschicken.<\/p>\n<p>Bei Fragen zu <a href=\"https:\/\/www.ubm-records.com\/wp-content\/uploads\/2026\/03\/UBM-PREISLISTE-2026.pdf\"><u>Preisen<\/u><\/a> und Lizenzen stehen wir Ihnen gerne unter<span> <\/span><a href=\"mailto:info@ubm-records.com\">info@ubm-records.com<\/a><span>\u00a0<\/span>zur Verf\u00fcgung.<\/p>\n<\/div><\/div><\/div><\/div><div class=\"wpb_column vc_column_container\"><div class=\"vc_column-inner\"><\/div><\/div><\/div><\/div><\/section>\n","protected":false},"excerpt":{"rendered":"LIZENZIEREN Alle Rechte f\u00fcr \u00f6ffentliche Auff\u00fchrungen und Vervielf\u00e4ltigungen sind vorbehalten. Auff\u00fchrungs- und Vervielf\u00e4ltigungsrechte werden von der GEMA und deren angeschlossenen Schwestergesellschaften weltweit kontrolliert. F\u00fcr TV-Auftragsproduktionen in deutschen Rundfunk- und Fernsehanstalten, die mit der GEMA einen entsprechenden Vertrag abgeschlossen haben, ist keine Lizenzierung notwendig. Alle weiteren Nutzungen, beispielsweise Werbung, Industrie und Online, sind zu lizenzieren. Eine...","protected":false},"author":1,"featured_media":0,"parent":0,"menu_order":0,"comment_status":"closed","ping_status":"closed","template":"","meta":{"_acf_changed":false,"footnotes":""},"class_list":["post-94","page","type-page","status-publish","hentry"],"acf":[],"_links":{"self":[{"href":"https:\/\/www.ubm-records.com\/de\/wp-json\/wp\/v2\/pages\/94","targetHints":{"allow":["GET"]}}],"collection":[{"href":"https:\/\/www.ubm-records.com\/de\/wp-json\/wp\/v2\/pages"}],"about":[{"href":"https:\/\/www.ubm-records.com\/de\/wp-json\/wp\/v2\/types\/page"}],"author":[{"embeddable":true,"href":"https:\/\/www.ubm-records.com\/de\/wp-json\/wp\/v2\/users\/1"}],"replies":[{"embeddable":true,"href":"https:\/\/www.ubm-records.com\/de\/wp-json\/wp\/v2\/comments?post=94"}],"version-history":[{"count":30,"href":"https:\/\/www.ubm-records.com\/de\/wp-json\/wp\/v2\/pages\/94\/revisions"}],"predecessor-version":[{"id":1163,"href":"https:\/\/www.ubm-records.com\/de\/wp-json\/wp\/v2\/pages\/94\/revisions\/1163"}],"wp:attachment":[{"href":"https:\/\/www.ubm-records.com\/de\/wp-json\/wp\/v2\/media?parent=94"}],"curies":[{"name":"wp","href":"https:\/\/api.w.org\/{rel}","templated":true}]}}