{"id":284,"date":"2025-12-10T21:12:39","date_gmt":"2025-12-10T21:12:39","guid":{"rendered":"https:\/\/ubm-media.net\/de\/?page_id=284"},"modified":"2026-03-26T09:21:27","modified_gmt":"2026-03-26T08:21:27","slug":"privacy-policy","status":"publish","type":"page","link":"https:\/\/www.ubm-records.com\/de\/contact\/privacy-policy\/","title":{"rendered":"Datenschutz"},"content":{"rendered":"<section class=\"l-section wpb_row us_custom_058ddd33 height_medium\"><div class=\"l-section-h i-cf\"><div class=\"g-cols vc_row via_grid cols_1 laptops-cols_inherit tablets-cols_inherit mobiles-cols_1 valign_top type_default stacking_default\"><div class=\"wpb_column vc_column_container\"><div class=\"vc_column-inner\"><div class=\"wpb_text_column\"><div class=\"wpb_wrapper\"><h4 class=\"text-center\" style=\"text-align: center;\">PRIVATSPH\u00c4RE UND DATENSCHUTZ<\/h4>\n<\/div><\/div><div class=\"w-separator size_small\"><\/div><div class=\"wpb_text_column us_custom_bdc887fb\"><div class=\"wpb_wrapper\"><p>Mit der nachfolgenden Erkl\u00e4rung kommen wir unserer gesetzlichen Informationspflicht nach und informieren Sie \u00fcber die Speicherung von Daten, die Art der Daten, deren Zweckbestimmung sowie unsere Identit\u00e4t. Wir benachrichtigen auch \u00fcber die erstmalige \u00dcbermittlung und die Art der \u00fcbermittelten Daten.<\/p>\n<p><strong>1. Gegenstand des Datenschutzes<\/strong><\/p>\n<p>Gegenstand des Datenschutzes sind personenbezogene Daten. Dies sind Einzelangaben \u00fcber pers\u00f6nliche oder sachliche Verh\u00e4ltnisse einer bestimmten oder bestimmbaren nat\u00fcrlichen Person. So etwa Name, Post-Adresse, E-Mail Adresse aber auch Nutzungsdaten wie die IP-Adresse eines Computers.<\/p>\n<p><strong>2. Automatische anonyme Datenerhebung, -verarbeitung und -nutzung<\/strong><\/p>\n<p>Wir erheben, verarbeiten oder nutzen automatisch nicht-pers\u00f6nliche Informationen, die Ihr Browser an uns \u00fcbermittelt (Cookies).<\/p>\n<p>Diese Informationen beinhalten: \u2013 Browsertyp\/ -version, \u2013 Betriebssystem, \u2013 Referrer URL (Quelle eines Links), \u2013 IP-Adresse (Hostname des benutzten Rechners), \u2013 Uhrzeit der Serveranfrage.<\/p>\n<p>Bei den meisten Webbrowsern ist es durch die \u201eEinstellungs-Funktion\u201c in der Men\u00fcleiste m\u00f6glich, eine Einstellung zu w\u00e4hlen, so dass Ihr Browser zuk\u00fcnftig keine neuen Cookies akzeptiert oder bereits erhaltene Cookies ausschaltet. Hierdurch kann es jedoch zu Beeintr\u00e4chtigungen einzelner Funktionen der Internetseite kommen. M\u00f6chten Sie die Verwendung von Cookies dennoch reduzieren, so ist sicherzustellen, dass jeder Computer und jeder Browser mit dem Sie arbeiten das gew\u00fcnschte Schutzniveau aufweist.<\/p>\n<p><strong>3. Veranlasste personenbezogene Datenerhebung, -verarbeitung und -nutzung<\/strong><\/p>\n<p>Grunds\u00e4tzlich ist f\u00fcr die Nutzung der Internetseite die Erhebung, Verwendung oder Nutzung personenbezogener Daten nicht erforderlich. Eine solche erfolgt auch nicht durch uns. Zu einer Datenerhebung, -verarbeitung oder -nutzung kommt es nur, sofern Sie freiwillig ihre personenbezogenen Daten angeben.<\/p>\n<p>Dies kann etwa in folgenden F\u00e4llen erforderlich sein:<\/p>\n<ol>\n<li>Registrierung<br \/>\nZur Nutzung aller Funktionen der Internetplattform bedarf es einer vorherigen Registrierung. Hierf\u00fcr ist es erforderlich, dass personenbezogene Daten angeben werden. Folgende personenbezogene Daten werden bei diesem Prozess abgefragt: \u2013 Name, Vorname \u2013 Adresse \u2013 E-Mail Adresse \u2013 Telefon<\/li>\n<li>Vertragsabwicklung<br \/>\nEs kann erforderlich sein, Ihre pers\u00f6nlichen Daten an Unternehmen weiterzugeben, die wir zur Erbringung der Dienstleistung oder zur Vertragsabwicklung einsetzen. Das sind z.B. Transportunternehmen oder andere Service-Dienste. Au\u00dferhalb des f\u00fcr die Abwicklung des Gesch\u00e4ftsverkehrs erforderlichen Ma\u00dfes erfolgt keine Weitergabe der Daten an Dritte.<\/li>\n<li>Weitergabe an staatliche Institutionen und Beh\u00f6rden<br \/>\nWir geben Daten an auskunftsberechtigte staatliche Institutionen und Beh\u00f6rden nur im Rahmen der gesetzlichen Pflichten oder aufgrund einer gerichtlichen Entscheidung weiter. (4) Daten\u00fcbermittlung ins Ausland Wir \u00fcbermitteln grunds\u00e4tzlich keine erhobenen Daten ins Ausland.<\/li>\n<\/ol>\n<p>&nbsp;<\/p>\n<p><strong>4. Minderj\u00e4hrige<\/strong><\/p>\n<p>Wir sind besonders daran interessiert, den Schutz personenbezogener Daten von Kindern sicherzustellen. Aus diesem Grund erfolgt keine wissentliche Erhebung, Verarbeitung oder Nutzung von Daten Minderj\u00e4hriger, sofern nicht die Erziehungsberechtigten ihre Zustimmung erteilt haben. Sobald wir erkennen, dass Minderj\u00e4hrige ohne entsprechende Zustimmung selbst pers\u00f6nliche Daten eingeben oder \u00fcber solche Personen pers\u00f6nliche Daten eingegeben werden, werden wir diese Daten unverz\u00fcglich l\u00f6schen.<\/p>\n<p><strong>5. Auskunftsanspruch<\/strong><\/p>\n<p>Der Kunde hat stets die M\u00f6glichkeit Auskunft zu verlangen \u00fcber die zu seiner Person gespeicherten Daten, auch soweit sie sich auf die Herkunft dieser Daten beziehen, Empf\u00e4nger oder Kategorien von Empf\u00e4ngern, an die Daten weitergegeben werden, sowie den Zweck der Speicherung.<\/p>\n<p><strong>6. L\u00f6schung und Sperrung<\/strong><\/p>\n<p>Wir verpflichten uns, die personenbezogenen Daten, die f\u00fcr eigene Zwecke verarbeitet werden, zu l\u00f6schen, sobald ihre Kenntnis f\u00fcr die Erf\u00fcllung des Zwecks der Speicherung nicht mehr erforderlich ist. An die Stelle einer L\u00f6schung tritt eine Sperrung, soweit einer L\u00f6schung gesetzliche, satzungsm\u00e4\u00dfige oder vertragliche Aufbewahrungsfristen entgegenstehen, Grund zu der Annahme besteht, dass durch eine L\u00f6schung schutzw\u00fcrdige Interessen des Betroffenen beeintr\u00e4chtigt w\u00fcrden oder eine L\u00f6schung wegen der besonderen Art der Speicherung nicht oder nur mit unverh\u00e4ltnism\u00e4\u00dfig hohem Aufwand m\u00f6glich ist. Dar\u00fcber hinaus k\u00f6nnen Sie jederzeit ihre bei uns erhobenen Daten sperren, berichtigen oder l\u00f6schen lassen. Eine L\u00f6schung erfolgt auch, wenn Sie ihre Einwilligung zur Erhebung, Verarbeitung und Nutzung der personenbezogenen Daten widerrufen. Erfolgt der Widerruf w\u00e4hrend eines laufenden Gesch\u00e4ftsvorgangs, so erfolgt die L\u00f6schung unmittelbar nach dessen Abschluss. Weiterf\u00fchrende gesetzliche L\u00f6schungs- oder Sperrungsverpflichtungen bleiben hiervon unber\u00fchrt.<\/p>\n<p><strong>7. Technische und organisatorische Ma\u00dfnahmen<\/strong><\/p>\n<p>Wir verpflichten uns, die technischen und organisatorischen Ma\u00dfnahmen zu treffen, die erforderlich sind, um die Ausf\u00fchrung der Vorschriften \u00fcber den Datenschutz, zu gew\u00e4hrleisten, sofern der Aufwand in einem angemessenen Verh\u00e4ltnis zu dem angestrebten Schutzzweck steht. Bei der Kommunikation per E Mail kann die vollst\u00e4ndige Datensicherheit von uns nicht gew\u00e4hrleistet werden, so dass wir Ihnen bei vertraulichen Informationen den Postweg empfehlen.<\/p>\n<p><strong>8. Identit\u00e4t der verantwortlichen Stelle<\/strong><\/p>\n<p>Verantwortliche Stelle i.S.d. Datenschutzgesetzes ist UBM Records GmbH, Grabbealle 15, 13156 Berlin. Weitere Informationen dazu finden Sie in unserem<span>\u00a0<\/span><a href=\"https:\/\/www.ubm-media.de\/imprint\" target=\"_blank\" rel=\"noopener\">Impressum<\/a>.<\/p>\n<p><strong>9. Widerruf<\/strong><\/p>\n<p>Der Kunde hat die M\u00f6glichkeit die Einwilligung in die Erhebung, Verarbeitung oder Nutzung seiner Daten jederzeit mit Wirkung f\u00fcr die Zukunft zu widerrufen.<\/p>\n<p>Der Widerruf ist zu richten an:<br \/>\n<a href=\"mailto:info@ubm-records.com\">info@ubm-records.com<\/a><span>\u00a0<\/span>oder an die im<span>\u00a0<\/span><a href=\"https:\/\/www.ubm-media.de\/imprint\" target=\"_blank\" rel=\"noopener\">Impressum<\/a><span>\u00a0<\/span>hinterlegte Anschrift.<\/p>\n<p><strong>10. Datenschutzerkl\u00e4rung f\u00fcr die Nutzung von Facebook-Plugins (Like-Button)<\/strong><\/p>\n<p>Auf unseren Seiten sind Plugins des sozialen Netzwerks Facebook, 1601 South California Avenue, Palo Alto, CA 94304, USA integriert. Die Facebook-Plugins erkennen Sie an dem Facebook-Logo oder dem &#8222;Like-Button&#8220; (&#8222;Gef\u00e4llt mir&#8220;) auf unserer Seite.<\/p>\n<p><strong>Eine \u00dcbersicht \u00fcber die Facebook-Plugins finden Sie hier:<\/strong><br \/>\n<a href=\"http:\/\/developers.facebook.com\/docs\/plugins\/\" target=\"_blank\" rel=\"noopener\">http:\/\/developers.facebook.com\/docs\/plugins\/<\/a><\/p>\n<p>Wenn Sie unsere Seiten besuchen, wird \u00fcber das Plugin eine direkte Verbindung zwischen Ihrem Browser und dem Facebook-Server hergestellt. Facebook erh\u00e4lt dadurch die Information, dass Sie mit Ihrer IP-Adresse unsere Seite besucht haben. Wenn Sie den Facebook &#8222;Like-Button&#8220; anklicken w\u00e4hrend Sie in Ihrem Facebook-Account eingeloggt sind, k\u00f6nnen Sie die Inhalte unserer Seiten auf Ihrem Facebook-Profil verlinken.<\/p>\n<p>Dadurch kann Facebook den Besuch unserer Seiten Ihrem Benutzerkonto zuordnen. Wir weisen darauf hin, dass wir als Anbieter der Seiten keine Kenntnis vom Inhalt der \u00fcbermittelten Daten sowie deren Nutzung durch Facebook erhalten.<\/p>\n<p><strong>Weitere Informationen hierzu finden Sie in der Datenschutzerkl\u00e4rung von Facebook:<\/strong><br \/>\n<a href=\"http:\/\/de-de.facebook.com\/policy.php\" target=\"_blank\" rel=\"noopener\">http:\/\/de-de.facebook.com\/policy.php<\/a><\/p>\n<p>Wenn Sie nicht w\u00fcnschen, dass Facebook den Besuch unserer Seiten Ihrem Facebook-Nutzerkonto zuordnen kann, loggen Sie sich bitte aus Ihrem Facebook-Benutzerkonto aus.<\/p>\n<hr \/>\n<p><strong>Quellenangaben:<\/strong><br \/>\n<span>eRecht24 Disclaimer, eRecht24 Datenschutzerkl\u00e4rung f\u00fcr Facebook<\/span><\/p>\n<\/div><\/div><\/div><\/div><\/div><\/div><\/section>\n","protected":false},"excerpt":{"rendered":"PRIVATSPH\u00c4RE UND DATENSCHUTZ Mit der nachfolgenden Erkl\u00e4rung kommen wir unserer gesetzlichen Informationspflicht nach und informieren Sie \u00fcber die Speicherung von Daten, die Art der Daten, deren Zweckbestimmung sowie unsere Identit\u00e4t. Wir benachrichtigen auch \u00fcber die erstmalige \u00dcbermittlung und die Art der \u00fcbermittelten Daten. 1. Gegenstand des Datenschutzes Gegenstand des Datenschutzes sind personenbezogene Daten. Dies sind...","protected":false},"author":1,"featured_media":0,"parent":286,"menu_order":0,"comment_status":"closed","ping_status":"closed","template":"","meta":{"_acf_changed":false,"footnotes":""},"class_list":["post-284","page","type-page","status-publish","hentry"],"acf":[],"_links":{"self":[{"href":"https:\/\/www.ubm-records.com\/de\/wp-json\/wp\/v2\/pages\/284","targetHints":{"allow":["GET"]}}],"collection":[{"href":"https:\/\/www.ubm-records.com\/de\/wp-json\/wp\/v2\/pages"}],"about":[{"href":"https:\/\/www.ubm-records.com\/de\/wp-json\/wp\/v2\/types\/page"}],"author":[{"embeddable":true,"href":"https:\/\/www.ubm-records.com\/de\/wp-json\/wp\/v2\/users\/1"}],"replies":[{"embeddable":true,"href":"https:\/\/www.ubm-records.com\/de\/wp-json\/wp\/v2\/comments?post=284"}],"version-history":[{"count":14,"href":"https:\/\/www.ubm-records.com\/de\/wp-json\/wp\/v2\/pages\/284\/revisions"}],"predecessor-version":[{"id":1092,"href":"https:\/\/www.ubm-records.com\/de\/wp-json\/wp\/v2\/pages\/284\/revisions\/1092"}],"up":[{"embeddable":true,"href":"https:\/\/www.ubm-records.com\/de\/wp-json\/wp\/v2\/pages\/286"}],"wp:attachment":[{"href":"https:\/\/www.ubm-records.com\/de\/wp-json\/wp\/v2\/media?parent=284"}],"curies":[{"name":"wp","href":"https:\/\/api.w.org\/{rel}","templated":true}]}}